{"id":200,"date":"2025-09-11T16:51:36","date_gmt":"2025-09-11T14:51:36","guid":{"rendered":"https:\/\/shop.hedolph.com\/?post_type=product&#038;p=200"},"modified":"2025-10-02T15:34:53","modified_gmt":"2025-10-02T13:34:53","slug":"optymalizacja-strony-seo-wydajnosc","status":"publish","type":"product","link":"https:\/\/shop.hedolph.com\/?product=optymalizacja-strony-seo-wydajnosc","title":{"rendered":"Optymalizacja strony (SEO, wydajno\u015b\u0107)"},"content":{"rendered":"<h3><strong>Zakres us\u0142ugi:<\/strong><\/h3>\n<ol data-start=\"95\" data-end=\"524\">\n<li data-start=\"95\" data-end=\"176\">\n<p data-start=\"98\" data-end=\"176\"><strong data-start=\"98\" data-end=\"116\">SEO techniczne<\/strong> \u2013 poprawa meta tag\u00f3w, nag\u0142\u00f3wk\u00f3w, mapy strony, indeksacji.<\/p>\n<\/li>\n<li data-start=\"177\" data-end=\"271\">\n<p data-start=\"180\" data-end=\"271\"><strong data-start=\"180\" data-end=\"190\">Tre\u015bci<\/strong> \u2013 audyt pod k\u0105tem s\u0142\u00f3w kluczowych, struktury tekst\u00f3w, linkowania wewn\u0119trznego.<\/p>\n<\/li>\n<li data-start=\"272\" data-end=\"375\">\n<p data-start=\"275\" data-end=\"375\"><strong data-start=\"275\" data-end=\"288\">Wydajno\u015b\u0107<\/strong> \u2013 przyspieszenie \u0142adowania strony, kompresja grafik, cache.<\/p>\n<\/li>\n<li data-start=\"376\" data-end=\"436\">\n<p data-start=\"379\" data-end=\"436\"><strong data-start=\"379\" data-end=\"396\">Responsywno\u015b\u0107<\/strong> \u2013 dostosowanie do urz\u0105dze\u0144 mobilnych.<\/p>\n<\/li>\n<li data-start=\"437\" data-end=\"524\">\n<p data-start=\"440\" data-end=\"524\"><strong data-start=\"440\" data-end=\"462\">Bezpiecze\u0144stwo SEO<\/strong> \u2013 usuwanie b\u0142\u0119dnych przekierowa\u0144, broken links, duplikat\u00f3w.<\/p>\n<\/li>\n<\/ol>\n<h3 data-start=\"526\" data-end=\"551\"><strong data-start=\"526\" data-end=\"549\">Warunki wsp\u00f3\u0142pracy:<\/strong><\/h3>\n<ul data-start=\"552\" data-end=\"932\">\n<li data-start=\"552\" data-end=\"648\">\n<p data-start=\"554\" data-end=\"648\">Optymalizacja obejmuje <strong data-start=\"577\" data-end=\"616\">zdefiniowany audyt i zakres dzia\u0142a\u0144<\/strong> (zatwierdzony przed startem).<\/p>\n<\/li>\n<li data-start=\"649\" data-end=\"720\">\n<p data-start=\"651\" data-end=\"720\">W ramach us\u0142ugi uwzgl\u0119dniona jest <strong data-start=\"685\" data-end=\"704\">1 tura poprawek<\/strong> po wdro\u017ceniu.<\/p>\n<\/li>\n<li data-start=\"837\" data-end=\"932\">\n<p data-start=\"839\" data-end=\"932\">Gwarancja dzia\u0142ania wdro\u017conych poprawek: <strong data-start=\"880\" data-end=\"890\">30 dni<\/strong> (nie obejmuje zmian algorytm\u00f3w Google).<\/p>\n<\/li>\n<\/ul>\n<h3>Przebieg wsp\u00f3\u0142pracy:<\/h3>\n<p data-start=\"179\" data-end=\"305\">1\ufe0f\u20e3 <strong data-start=\"183\" data-end=\"204\">Zam\u00f3wienie us\u0142ugi<\/strong><br data-start=\"204\" data-end=\"207\" \/>Sk\u0142adasz zam\u00f3wienie i op\u0142acasz us\u0142ug\u0119. Wystawiamy faktur\u0119 i kontaktujemy si\u0119 z Tob\u0105 w ci\u0105gu 24h.<\/p>\n<p data-start=\"307\" data-end=\"495\">2\ufe0f\u20e3 <strong data-start=\"311\" data-end=\"347\">Onboarding i przekazanie dost\u0119pu<\/strong><br data-start=\"347\" data-end=\"350\" \/>Otrzymujesz formularz, w kt\u00f3rym podajesz adres strony oraz dane dost\u0119powe (CMS, hosting).<\/p>\n<p data-start=\"497\" data-end=\"561\">3\ufe0f\u20e3 <strong data-start=\"501\" data-end=\"519\">Audyt startowy<\/strong><br data-start=\"519\" data-end=\"522\" \/>Przeprowadzamy analiz\u0119 Twojej strony:<\/p>\n<ul data-start=\"562\" data-end=\"739\">\n<li data-start=\"562\" data-end=\"607\">\n<p data-start=\"564\" data-end=\"607\">szybko\u015b\u0107 \u0142adowania,<\/p>\n<\/li>\n<li data-start=\"608\" data-end=\"661\">\n<p data-start=\"610\" data-end=\"661\">SEO on-site (meta tagi, nag\u0142\u00f3wki, tre\u015bci, linki),<\/p>\n<\/li>\n<li data-start=\"662\" data-end=\"688\">\n<p data-start=\"664\" data-end=\"688\">struktura strony i UX,<\/p>\n<\/li>\n<li data-start=\"689\" data-end=\"739\">\n<p data-start=\"691\" data-end=\"739\">techniczne b\u0142\u0119dy.<\/p>\n<\/li>\n<\/ul>\n<p data-start=\"741\" data-end=\"896\">4\ufe0f\u20e3 <strong data-start=\"745\" data-end=\"761\">Plan dzia\u0142a\u0144<\/strong><br data-start=\"761\" data-end=\"764\" \/>Na podstawie audytu przygotowujemy list\u0119 optymalizacji: poprawki techniczne, dzia\u0142ania SEO on-site, rekomendacje dotycz\u0105ce tre\u015bci.<\/p>\n<p data-start=\"898\" data-end=\"923\">5\ufe0f\u20e3 <strong data-start=\"902\" data-end=\"921\">Wdro\u017cenie zmian<\/strong><\/p>\n<ul data-start=\"924\" data-end=\"1200\">\n<li data-start=\"924\" data-end=\"983\">\n<p data-start=\"926\" data-end=\"983\">Optymalizacja kodu, obraz\u00f3w, cache, minifikacja plik\u00f3w,<\/p>\n<\/li>\n<li data-start=\"984\" data-end=\"1026\">\n<p data-start=\"986\" data-end=\"1026\">Ustawienie przekierowa\u0144 i mapy strony,<\/p>\n<\/li>\n<li data-start=\"1027\" data-end=\"1066\">\n<p data-start=\"1029\" data-end=\"1066\">Poprawa tytu\u0142\u00f3w, opis\u00f3w, nag\u0142\u00f3wk\u00f3w,<\/p>\n<\/li>\n<li data-start=\"1067\" data-end=\"1135\">\n<p data-start=\"1069\" data-end=\"1135\">Instalacja i konfiguracja wtyczek wspieraj\u0105cych SEO i wydajno\u015b\u0107,<\/p>\n<\/li>\n<li data-start=\"1136\" data-end=\"1200\">\n<p data-start=\"1138\" data-end=\"1200\">Integracja z Google Search Console &amp; Analytics (je\u015bli brak).<\/p>\n<\/li>\n<\/ul>\n<p data-start=\"1202\" data-end=\"1336\">6\ufe0f\u20e3 <strong data-start=\"1206\" data-end=\"1229\">Testy i weryfikacja<\/strong><br data-start=\"1229\" data-end=\"1232\" \/>Sprawdzamy dzia\u0142anie strony po zmianach, por\u00f3wnujemy wyniki szybko\u015bci i SEO sprzed i po optymalizacji.<\/p>\n<p data-start=\"1338\" data-end=\"1530\">7\ufe0f\u20e3 <strong data-start=\"1342\" data-end=\"1374\">Raport i przekazanie wynik\u00f3w<\/strong><br data-start=\"1374\" data-end=\"1377\" \/>Otrzymujesz raport z wykonanych dzia\u0142a\u0144, zrzuty z test\u00f3w szybko\u015bci, list\u0119 wprowadzonych zmian i rekomendacje na przysz\u0142o\u015b\u0107 (np. rozw\u00f3j tre\u015bci pod SEO).<\/p>\n<p data-start=\"1532\" data-end=\"1659\">8\ufe0f\u20e3 <strong data-start=\"1536\" data-end=\"1565\">Wsparcie po optymalizacji<\/strong><br data-start=\"1565\" data-end=\"1568\" \/>Przez kilka dni po wdro\u017ceniu jeste\u015bmy dost\u0119pni na wypadek pyta\u0144 lub dodatkowych poprawek.<\/p>\n<hr data-start=\"1661\" data-end=\"1664\" \/>\n<h3 data-start=\"68\" data-end=\"91\">\u23f1 Czas realizacji<\/h3>\n<p data-start=\"92\" data-end=\"303\">Czas wykonania optymalizacji jest <strong data-start=\"126\" data-end=\"152\">ustalany indywidualnie<\/strong> \u2013 zale\u017cy od wielko\u015bci strony, jej obecnego stanu i zakresu dzia\u0142a\u0144.<br data-start=\"220\" data-end=\"223\" \/>Po wst\u0119pnej analizie otrzymasz od nas informacj\u0119, ile dok\u0142adnie potrwa proces.<\/p>\n<p data-start=\"305\" data-end=\"354\">\ud83d\udc49 Orientacyjnie: <strong data-start=\"323\" data-end=\"351\">od 5 do 30 dni roboczych<\/strong>.<\/p>\n","protected":false},"excerpt":{"rendered":"<p>Twoja strona dzia\u0142a wolno lub ma\u0142o kto j\u0105 odwiedza?<br data-start=\"193\" data-end=\"196\" \/>Zoptymalizujemy j\u0105 pod k\u0105tem <strong data-start=\"225\" data-end=\"235\">SEO \ud83d\udd0d<\/strong> i <strong data-start=\"238\" data-end=\"254\">wydajno\u015bci \u26a1<\/strong>, aby szybciej si\u0119 \u0142adowa\u0142a i by\u0142a lepiej widoczna w Google. Lepsza pozycja = wi\u0119cej klient\u00f3w \ud83d\udcbc<\/p>\n","protected":false},"featured_media":545,"comment_status":"open","ping_status":"closed","template":"","meta":{"site-container-style":"default","site-container-layout":"default","site-sidebar-layout":"default","site-transparent-header":"default","disable-article-header":"default","disable-site-header":"default","disable-site-footer":"default","disable-content-area-spacing":"default"},"product_brand":[],"product_cat":[24,22],"product_tag":[],"class_list":{"0":"post-200","1":"product","2":"type-product","3":"status-publish","4":"has-post-thumbnail","6":"product_cat-seomarketing","7":"product_cat-usluga","9":"first","10":"instock","11":"shipping-taxable","12":"purchasable","13":"product-type-variable"},"_links":{"self":[{"href":"https:\/\/shop.hedolph.com\/index.php?rest_route=\/wp\/v2\/product\/200","targetHints":{"allow":["GET"]}}],"collection":[{"href":"https:\/\/shop.hedolph.com\/index.php?rest_route=\/wp\/v2\/product"}],"about":[{"href":"https:\/\/shop.hedolph.com\/index.php?rest_route=\/wp\/v2\/types\/product"}],"replies":[{"embeddable":true,"href":"https:\/\/shop.hedolph.com\/index.php?rest_route=%2Fwp%2Fv2%2Fcomments&post=200"}],"wp:featuredmedia":[{"embeddable":true,"href":"https:\/\/shop.hedolph.com\/index.php?rest_route=\/wp\/v2\/media\/545"}],"wp:attachment":[{"href":"https:\/\/shop.hedolph.com\/index.php?rest_route=%2Fwp%2Fv2%2Fmedia&parent=200"}],"wp:term":[{"taxonomy":"product_brand","embeddable":true,"href":"https:\/\/shop.hedolph.com\/index.php?rest_route=%2Fwp%2Fv2%2Fproduct_brand&post=200"},{"taxonomy":"product_cat","embeddable":true,"href":"https:\/\/shop.hedolph.com\/index.php?rest_route=%2Fwp%2Fv2%2Fproduct_cat&post=200"},{"taxonomy":"product_tag","embeddable":true,"href":"https:\/\/shop.hedolph.com\/index.php?rest_route=%2Fwp%2Fv2%2Fproduct_tag&post=200"}],"curies":[{"name":"wp","href":"https:\/\/api.w.org\/{rel}","templated":true}]}}