{"id":194,"date":"2025-09-09T13:02:28","date_gmt":"2025-09-09T11:02:28","guid":{"rendered":"https:\/\/shop.hedolph.com\/?post_type=product&#038;p=194"},"modified":"2026-01-13T12:46:54","modified_gmt":"2026-01-13T11:46:54","slug":"prof24-website","status":"publish","type":"product","link":"https:\/\/shop.hedolph.com\/?product=prof24-website","title":{"rendered":"Strona dla specjalisty marketingu online"},"content":{"rendered":"<div style=\"background-color: rgba(19, 0, 30, 0.7); padding: 15px; border-radius: 8px; color: #ffffff;\">\n<h2>Gotowa strona <a href=\"https:\/\/www.prof24.eu\/\">prof24.eu<\/a> \u2013 od r\u0119ki<\/h2>\n<h3>Dla kogo?<\/h3>\n<ul>\n<li>Specjalista zajmuj\u0105cy si\u0119 WordPress<\/li>\n<li>Osoba pracuj\u0105ca z landing pages<\/li>\n<li>Operator Google Ads i Meta Ads<\/li>\n<li>Freelancer lub jednoosobowa dzia\u0142alno\u015b\u0107<\/li>\n<li>Gdy robisz projekty dla innych, a nie masz czasu robi\u0107 w\u0142asnej strony<\/li>\n<\/ul>\n<hr \/>\n<h3>Co otrzymujesz?<\/h3>\n<ul>\n<li>Gotow\u0105 stron\u0119 internetow\u0105 <a href=\"https:\/\/www.prof24.eu\/\"><strong>prof24.eu<\/strong><\/a><\/li>\n<li>Stron\u0119 opart\u0105 o <strong>WordPress<\/strong><\/li>\n<li>Profesjonaln\u0105 domen\u0119<\/li>\n<li><strong>GRATIS &#8211; Hosting na 1 rok<\/strong><br \/>\n<em>(z mo\u017cliwo\u015bci\u0105 przed\u0142u\u017cenia)<\/em><\/li>\n<li><strong>GRATIS &#8211; Certyfikat SSL na 3 miesi\u0105ce<\/strong><br \/>\n<em>(z mo\u017cliwo\u015bci\u0105 przed\u0142u\u017cenia)<\/em><\/li>\n<\/ul>\n<hr \/>\n<h3>Modu\u0142owa struktura<\/h3>\n<ul>\n<li>Ka\u017cdy modu\u0142 mo\u017cna:\n<ul>\n<li>uzupe\u0142ni\u0107 tre\u015bci\u0105<\/li>\n<li>edytowa\u0107<\/li>\n<li>rozbudowa\u0107<\/li>\n<\/ul>\n<\/li>\n<li>Mo\u017cliwo\u015b\u0107 dodania:\n<ul>\n<li>nowych sekcji<\/li>\n<li>podstron<\/li>\n<li>bloga<\/li>\n<\/ul>\n<\/li>\n<li>Strona rozwija si\u0119 razem z biznesem<\/li>\n<\/ul>\n<hr \/>\n<h3>Warto\u015b\u0107 domeny<\/h3>\n<ul>\n<li>Kr\u00f3tka, profesjonalna domena<\/li>\n<li>\u0141atwa do zapami\u0119tania<\/li>\n<li><strong>Szacunkowa warto\u015b\u0107 rynkowa: 500\u20131500 z\u0142<\/strong><\/li>\n<li>Domeny tego typu s\u0105 trudno dost\u0119pne<\/li>\n<\/ul>\n<hr \/>\n<h3>Dlaczego to ma sens?<\/h3>\n<ul>\n<li>Oszcz\u0119dzasz czas<\/li>\n<li>Startujesz od razu<\/li>\n<li>Masz profesjonaln\u0105 stron\u0119 bez prowizorki<\/li>\n<li>Nie odk\u0142adasz startu na \u201ekiedy\u015b\u201d<\/li>\n<\/ul>\n<p><strong>Nie masz czasu robi\u0107 strony dla siebie? Teraz nie musisz.<\/strong><\/p>\n<p>&nbsp;<\/p>\n<h2 data-start=\"97\" data-end=\"126\">Jak wygl\u0105da proces zakupu?<\/h2>\n<p data-start=\"128\" data-end=\"153\"><strong data-start=\"128\" data-end=\"151\">1. Zakup i p\u0142atno\u015b\u0107<\/strong><\/p>\n<ul data-start=\"154\" data-end=\"251\">\n<li data-start=\"154\" data-end=\"177\">\n<p data-start=\"156\" data-end=\"177\">Klikasz \u201eKup teraz\u201d<\/p>\n<\/li>\n<li data-start=\"178\" data-end=\"227\">\n<p data-start=\"180\" data-end=\"227\">Op\u0142acasz zam\u00f3wienie od razu (szybka p\u0142atno\u015b\u0107)<\/p>\n<\/li>\n<\/ul>\n<p data-start=\"253\" data-end=\"285\"><strong data-start=\"253\" data-end=\"283\">2. Potwierdzenie p\u0142atno\u015bci<\/strong><\/p>\n<ul data-start=\"286\" data-end=\"359\">\n<li data-start=\"286\" data-end=\"332\">\n<p data-start=\"288\" data-end=\"332\">Otrzymujesz e-mail z potwierdzeniem op\u0142aty<\/p>\n<\/li>\n<\/ul>\n<p data-start=\"361\" data-end=\"386\"><strong data-start=\"361\" data-end=\"384\">3. Dost\u0119p do strony<\/strong><\/p>\n<ul data-start=\"387\" data-end=\"582\">\n<li data-start=\"387\" data-end=\"449\">\n<p data-start=\"389\" data-end=\"449\">Otrzymujesz e-mail z <strong data-start=\"410\" data-end=\"447\">tymczasowym dost\u0119pem do WordPress<\/strong><\/p>\n<\/li>\n<li data-start=\"450\" data-end=\"536\">\n<p data-start=\"452\" data-end=\"536\">Ze wzgl\u0119d\u00f3w bezpiecze\u0144stwa <strong data-start=\"479\" data-end=\"534\">wymagana jest zmiana has\u0142a przy pierwszym logowaniu<\/strong><\/p>\n<\/li>\n<li data-start=\"537\" data-end=\"582\">\n<p data-start=\"539\" data-end=\"582\"><strong data-start=\"539\" data-end=\"582\">Czas: do 48h od zaksi\u0119gowania p\u0142atno\u015bci<\/strong><\/p>\n<\/li>\n<\/ul>\n<p data-start=\"584\" data-end=\"611\"><strong data-start=\"584\" data-end=\"609\">4. Przekazanie strony<\/strong><\/p>\n<ul data-start=\"612\" data-end=\"717\">\n<li data-start=\"612\" data-end=\"668\">\n<p data-start=\"614\" data-end=\"668\">Od momentu zmiany has\u0142a <strong data-start=\"638\" data-end=\"666\">strona jest w 100% Twoja<\/strong><\/p>\n<\/li>\n<li data-start=\"669\" data-end=\"717\">\n<p data-start=\"671\" data-end=\"717\">Masz pe\u0142n\u0105 kontrol\u0119 nad tre\u015bci\u0105 i ustawieniami<\/p>\n<\/li>\n<\/ul>\n<p data-start=\"719\" data-end=\"744\"><strong data-start=\"719\" data-end=\"742\">5. Pomoc techniczna<\/strong><\/p>\n<ul data-start=\"745\" data-end=\"850\">\n<li data-start=\"745\" data-end=\"783\">\n<p data-start=\"747\" data-end=\"783\">W przypadku problem\u00f3w z logowaniem lub ftp<\/p>\n<\/li>\n<li data-start=\"784\" data-end=\"822\">\n<p data-start=\"786\" data-end=\"822\">Kontakt telefoniczny, email lub formularz<\/p>\n<\/li>\n<\/ul>\n<p data-start=\"852\" data-end=\"900\"><strong data-start=\"852\" data-end=\"898\">6. Hosting i SSL \u2013 koniec okresu darmowego<\/strong><\/p>\n<ul data-start=\"901\" data-end=\"1101\">\n<li data-start=\"901\" data-end=\"971\">\n<p data-start=\"903\" data-end=\"916\">Przed ko\u0144cem darmowego korzystania otrzymasz <strong data-start=\"984\" data-end=\"1027\">powiadomienie z propozycj\u0105 przed\u0142u\u017cenia<\/strong><\/p>\n<\/li>\n<li data-start=\"1030\" data-end=\"1101\">\n<p data-start=\"1032\" data-end=\"1039\">Mo\u017cesz przed\u0142u\u017cy\u0107 u nas ub przej\u015b\u0107 na w\u0142asne rozwi\u0105zanie<\/p>\n<\/li>\n<\/ul>\n<p data-start=\"1103\" data-end=\"1119\"><strong data-start=\"1103\" data-end=\"1117\">7. Faktura<\/strong><\/p>\n<ul data-start=\"1120\" data-end=\"1169\">\n<li data-start=\"1120\" data-end=\"1169\">\n<p data-start=\"1122\" data-end=\"1169\">Do ka\u017cdego zam\u00f3wienia <strong data-start=\"1144\" data-end=\"1169\">wystawiam faktur\u0119 VAT<\/strong><\/p>\n<\/li>\n<\/ul>\n<\/div>\n","protected":false},"excerpt":{"rendered":"<p>Gotowa strona WordPress od r\u0119ki. Kupujesz, logujesz si\u0119 i dzia\u0142asz.<\/p>\n","protected":false},"featured_media":534,"comment_status":"open","ping_status":"closed","template":"","meta":{"site-container-style":"default","site-container-layout":"default","site-sidebar-layout":"default","site-transparent-header":"default","disable-article-header":"default","disable-site-header":"default","disable-site-footer":"default","disable-content-area-spacing":"default"},"product_brand":[],"product_cat":[18],"product_tag":[],"class_list":{"0":"post-194","1":"product","2":"type-product","3":"status-publish","4":"has-post-thumbnail","6":"product_cat-websitehost","8":"first","9":"instock","10":"virtual","11":"purchasable","12":"product-type-simple"},"_links":{"self":[{"href":"https:\/\/shop.hedolph.com\/index.php?rest_route=\/wp\/v2\/product\/194","targetHints":{"allow":["GET"]}}],"collection":[{"href":"https:\/\/shop.hedolph.com\/index.php?rest_route=\/wp\/v2\/product"}],"about":[{"href":"https:\/\/shop.hedolph.com\/index.php?rest_route=\/wp\/v2\/types\/product"}],"replies":[{"embeddable":true,"href":"https:\/\/shop.hedolph.com\/index.php?rest_route=%2Fwp%2Fv2%2Fcomments&post=194"}],"wp:featuredmedia":[{"embeddable":true,"href":"https:\/\/shop.hedolph.com\/index.php?rest_route=\/wp\/v2\/media\/534"}],"wp:attachment":[{"href":"https:\/\/shop.hedolph.com\/index.php?rest_route=%2Fwp%2Fv2%2Fmedia&parent=194"}],"wp:term":[{"taxonomy":"product_brand","embeddable":true,"href":"https:\/\/shop.hedolph.com\/index.php?rest_route=%2Fwp%2Fv2%2Fproduct_brand&post=194"},{"taxonomy":"product_cat","embeddable":true,"href":"https:\/\/shop.hedolph.com\/index.php?rest_route=%2Fwp%2Fv2%2Fproduct_cat&post=194"},{"taxonomy":"product_tag","embeddable":true,"href":"https:\/\/shop.hedolph.com\/index.php?rest_route=%2Fwp%2Fv2%2Fproduct_tag&post=194"}],"curies":[{"name":"wp","href":"https:\/\/api.w.org\/{rel}","templated":true}]}}