{"id":578,"date":"2025-10-11T03:29:10","date_gmt":"2025-10-11T01:29:10","guid":{"rendered":"https:\/\/shop.hedolph.com\/?page_id=578"},"modified":"2026-01-12T12:29:21","modified_gmt":"2026-01-12T11:29:21","slug":"regulamin-2","status":"publish","type":"page","link":"https:\/\/shop.hedolph.com\/?page_id=578","title":{"rendered":"Regulamin"},"content":{"rendered":"\n<div style=\"height:100px\" aria-hidden=\"true\" class=\"wp-block-spacer\"><\/div>\n\n\n\n<div class=\"wp-block-cover alignwide has-custom-content-position is-position-center-right has-kenta-accent-color has-text-color has-link-color wp-elements-127d32c27224c79a477ced3017613969\" style=\"min-height:172px;aspect-ratio:unset;\"><span aria-hidden=\"true\" class=\"wp-block-cover__background has-background-dim-70 has-background-dim\" style=\"background-color:#13001e\"><\/span><div class=\"wp-block-cover__inner-container is-layout-flow wp-block-cover-is-layout-flow\">\n<h2 class=\"wp-block-heading alignwide has-text-align-center has-kenta-accent-color has-text-color has-link-color wp-elements-0e1725a598cce03380d1cca5661d6249\">Regulamin sklepu internetowego shop.hedolph.com<\/h2>\n\n\n\n<h4 class=\"wp-block-heading\">1. Postanowienia og\u00f3lne<\/h4>\n\n\n\n<ol class=\"wp-block-list\">\n<li>Niniejszy Regulamin okre\u015bla zasady korzystania ze sklepu internetowego shop.hedolph.com, w tym warunki zawierania um\u00f3w, realizacji us\u0142ug, p\u0142atno\u015bci oraz reklamacji.<\/li>\n\n\n\n<li>Sklep internetowy shop.hedolph.com, dzia\u0142aj\u0105cy pod adresem <a href=\"https:\/\/shop.hedolph.com\/?page_id=91\" data-type=\"page\" data-id=\"91\">https:\/\/shop.hedolph.com\/?post_type=product<\/a>, prowadzony jest przez HeDolph Sp\u00f3\u0142ka z o.o. z siedzib\u0105 w \u0141opuszka Wielka 37-222, \u0141opuszka Wielka 173, NIP: PL 794-183-92-30.<\/li>\n\n\n\n<li>Kontakt ze Sprzedawc\u0105:\n<ul class=\"wp-block-list\">\n<li>e-mail: kontakt@hedolph.com<\/li>\n<\/ul>\n<\/li>\n\n\n\n<li>Klientem sklepu mo\u017ce by\u0107:\n<ul class=\"wp-block-list\">\n<li>osoba fizyczna,<\/li>\n\n\n\n<li>osoba prawna,<\/li>\n\n\n\n<li>jednostka organizacyjna nieposiadaj\u0105ca osobowo\u015bci prawnej, posiadaj\u0105ca zdolno\u015b\u0107 do czynno\u015bci prawnych.<\/li>\n<\/ul>\n<\/li>\n\n\n\n<li>Akceptacja Regulaminu jest warunkiem niezb\u0119dnym do zawarcia umowy i korzystania z us\u0142ug sklepu.<\/li>\n<\/ol>\n\n\n\n<h4 class=\"wp-block-heading\">2. Zakres dzia\u0142alno\u015bci<\/h4>\n\n\n\n<ol class=\"wp-block-list has-kenta-accent-color has-text-color has-link-color wp-elements-e2e917e0132e238dc216aa1a6a79bf74\">\n<li>Sklep oferuje sprzeda\u017c produkt\u00f3w i us\u0142ug cyfrowych, w tym:\n<ol class=\"wp-block-list\">\n<li>Hosting \u2013 przechowywanie stron internetowych, sklep\u00f3w e-commerce i baz danych na serwerach Sprzedawcy.<\/li>\n\n\n\n<li>Strony internetowe \u2013 sprzeda\u017c gotowych stron www z pe\u0142nym dost\u0119pem dla Klienta.<\/li>\n\n\n\n<li>Przed\u0142u\u017cenie us\u0142ug \u2013 domen, hostingu i certyfikat\u00f3w SSL.<\/li>\n\n\n\n<li>Us\u0142ugi jednorazowe \u2013 konfiguracja kont, migracja stron, optymalizacja SEO, naprawy stron, tworzenie stron na zam\u00f3wienie.<\/li>\n\n\n\n<li>Obs\u0142uga techniczna \u2013 bie\u017c\u0105ca opieka nad stronami internetowymi Klient\u00f3w.<\/li>\n\n\n\n<li>Domeny premium \u2013 sprzeda\u017c domen nale\u017c\u0105cych do kolekcji Sprzedawcy.<\/li>\n<\/ol>\n<\/li>\n\n\n\n<li>Us\u0142ugi \u015bwiadczone s\u0105 zdalnie po uzgodnieniu zakresu i szczeg\u00f3\u0142\u00f3w realizacji z Klientem.<\/li>\n<\/ol>\n\n\n\n<h4 class=\"wp-block-heading\">3. Zam\u00f3wienia<\/h4>\n\n\n\n<ol class=\"wp-block-list has-kenta-accent-color has-text-color has-link-color wp-elements-056f0dc23be4055bc51fa0d743c028a5\">\n<li>Zam\u00f3wienia przyjmowane s\u0105 za po\u015brednictwem strony internetowej lub poczty elektronicznej.<\/li>\n\n\n\n<li>Klient zobowi\u0105zany jest do podania prawdziwych i aktualnych danych niezb\u0119dnych do wykonania us\u0142ugi.<\/li>\n\n\n\n<li>Po przyj\u0119ciu zam\u00f3wienia Sprzedawca potwierdza jego realizacj\u0119 i informuje o przewidywanym czasie wykonania.<\/li>\n\n\n\n<li>W przypadku us\u0142ug wymagaj\u0105cych dost\u0119pu do strony internetowej, Klient udost\u0119pnia niezb\u0119dne dane logowania.<\/li>\n\n\n\n<li>Sprzedawca zastrzega sobie prawo odmowy realizacji zam\u00f3wienia, je\u015bli jego wykonanie jest niemo\u017cliwe.<\/li>\n\n\n\n<li>Ceny us\u0142ug podane s\u0105 w z\u0142otych polskich (PLN) i s\u0105 cenami netto. <\/li>\n\n\n\n<li>Ceny mog\u0105 ulec zmianie, jednak nie dotycz\u0105 zam\u00f3wie\u0144 ju\u017c potwierdzonych.<\/li>\n<\/ol>\n\n\n\n<h4 class=\"wp-block-heading\">4. Realizacja us\u0142ug<\/h4>\n\n\n\n<ol class=\"wp-block-list\">\n<li class=\"has-kenta-accent-color has-text-color has-link-color wp-elements-3c971ae57c76999e018e6510fda7e09a\">Strony internetowe\n<ol class=\"wp-block-list\">\n<li class=\"has-kenta-accent-color has-text-color has-link-color wp-elements-42971d6f0657c057601712bde60e25d8\">Klient otrzymuje gotow\u0105 stron\u0119 internetow\u0105 wraz z:\n<ul class=\"wp-block-list\">\n<li class=\"has-kenta-accent-color has-text-color has-link-color wp-elements-fe761e66d654f5161c3ec829715e34dd\">rocznym dost\u0119pem do hostingu,<\/li>\n\n\n\n<li class=\"has-kenta-accent-color has-text-color has-link-color wp-elements-fc0156cd1ef392e92670d43249a8932c\">domen\u0105 aktywn\u0105 przez 12 miesi\u0119cy,<\/li>\n\n\n\n<li class=\"has-kenta-accent-color has-text-color has-link-color wp-elements-8189250b8f698f1d6c8de2e52896f0e1\">certyfikatem SSL wa\u017cnym przez 3 miesi\u0105ce.<\/li>\n<\/ul>\n<\/li>\n\n\n\n<li class=\"has-kenta-accent-color has-text-color has-link-color wp-elements-ef6f16fe8428210e92acb613a5b546aa\">Przed wyga\u015bni\u0119ciem domeny lub hostingu Klient otrzymuje przypomnienie e-mail o mo\u017cliwo\u015bci przed\u0142u\u017cenia.<\/li>\n\n\n\n<li class=\"has-kenta-accent-color has-text-color has-link-color wp-elements-5fe27d138388cef8672deeab190ddcfd\">Ceny odnowienia us\u0142ug zale\u017c\u0105 od aktualnych cennik\u00f3w dostawc\u00f3w i s\u0105 publikowane w sklepie.<\/li>\n\n\n\n<li class=\"has-kenta-accent-color has-text-color has-link-color wp-elements-65b84778e48be173d786ca2afac0255c\">Po up\u0142ywie okresu wa\u017cno\u015bci nieprzed\u0142u\u017conych us\u0142ug Sprzedawca nie gwarantuje ich dalszej dost\u0119pno\u015bci.<\/li>\n<\/ol>\n<\/li>\n\n\n\n<li class=\"has-kenta-accent-color has-text-color has-link-color wp-elements-fa6afe8571de8b72db5ef2be120a184c\">Us\u0142ugi dodatkowe\n<ol class=\"wp-block-list\">\n<li class=\"has-kenta-accent-color has-text-color has-link-color wp-elements-490e713cf22b5b616b77c01cf246ab27\">Zakres, opis i cena ka\u017cdej us\u0142ugi (migracja, optymalizacja, naprawa itp.) s\u0105 dost\u0119pne na stronie sklepu.<\/li>\n\n\n\n<li class=\"has-kenta-accent-color has-text-color has-link-color wp-elements-823dce1abda5f207cf7b01f78ee62675\">Us\u0142ugi realizowane s\u0105 po zaksi\u0119gowaniu p\u0142atno\u015bci lub zgodnie z indywidualn\u0105 umow\u0105.<\/li>\n<\/ol>\n<\/li>\n\n\n\n<li class=\"has-kenta-accent-color has-text-color has-link-color wp-elements-6e06eb4b4732bb8b38e4ad1cf3ec6d9c\">Czas realizacji\n<ol class=\"wp-block-list\">\n<li class=\"has-kenta-accent-color has-text-color has-link-color wp-elements-786e7ee3f66e4a87658860b5fc17fbc8\">\u015aredni czas realizacji zam\u00f3wienia zale\u017cy od rodzaju zam\u00f3wionego produktu lub us\u0142ugi i jest ka\u017cdorazowo okre\u015blony w opisie oferty lub ustalany indywidualnie z Klientem. <\/li>\n\n\n\n<li class=\"has-kenta-accent-color has-text-color has-link-color wp-elements-19ec4fcf0aa7461b35744bc41d6451bd\">Sprzedawca do\u0142o\u017cy stara\u0144, aby realizacja nast\u0105pi\u0142a w mo\u017cliwie najkr\u00f3tszym terminie, nie d\u0142u\u017cszym ni\u017c wskazany w potwierdzeniu przyj\u0119cia zam\u00f3wienia.<\/li>\n<\/ol>\n<\/li>\n<\/ol>\n\n\n\n<h4 class=\"wp-block-heading\">5. P\u0142atno\u015bci<\/h4>\n\n\n\n<ol class=\"wp-block-list\">\n<li class=\"has-kenta-accent-color has-text-color has-link-color wp-elements-d1edc6827895fdf0babfee10e25e7483\">Klient mo\u017ce dokona\u0107 p\u0142atno\u015bci za po\u015brednictwem system\u00f3w p\u0142atno\u015bci elektronicznej lub przelewem bankowym.<\/li>\n\n\n\n<li class=\"has-kenta-accent-color has-text-color has-link-color wp-elements-78e04d0107002e00462e0d7bb0811929\">Realizacja us\u0142ug nast\u0119puje po otrzymaniu potwierdzenia p\u0142atno\u015bci przez Sprzedawc\u0119.<\/li>\n\n\n\n<li class=\"has-kenta-accent-color has-text-color has-link-color wp-elements-c0cb942964ae298c5e47bd9d32ce60a8\">Na \u017cyczenie Klienta wystawiana jest faktura.<\/li>\n<\/ol>\n\n\n\n<h4 class=\"wp-block-heading\">6. Reklamacje<\/h4>\n\n\n\n<ol class=\"wp-block-list\">\n<li class=\"has-kenta-accent-color has-text-color has-link-color wp-elements-a778858d639915d6d32472812abddba6\">Reklamacje dotycz\u0105ce realizacji us\u0142ugi nale\u017cy zg\u0142asza\u0107 w terminie 7 dni od jej zako\u0144czenia.<\/li>\n\n\n\n<li class=\"has-kenta-accent-color has-text-color has-link-color wp-elements-87e2bd22ec017e0eff6768d839281a3c\">Klient ma prawo z\u0142o\u017cy\u0107 reklamacj\u0119 drog\u0105 elektroniczn\u0105 na adres: kontakt@hedolph.com.<\/li>\n\n\n\n<li class=\"has-kenta-accent-color has-text-color has-link-color wp-elements-938093a63fb6987a135fda5e037fa3e0\">Reklamacja powinna zawiera\u0107 opis problemu, dane Klienta i numer zam\u00f3wienia.<\/li>\n\n\n\n<li class=\"has-kenta-accent-color has-text-color has-link-color wp-elements-611d9c56b6a6281d9e59ad9aa9a9a484\">Sprzedawca rozpatruje reklamacj\u0119 w ci\u0105gu 14 dni roboczych od daty jej otrzymania.<\/li>\n\n\n\n<li class=\"has-kenta-accent-color has-text-color has-link-color wp-elements-4cbf1c353258746c4ddd12163539844a\">W przypadku zasadnej reklamacji Sprzedawca zobowi\u0105zuje si\u0119 do naprawy us\u0142ugi lub zwrotu nale\u017cnej kwoty.<\/li>\n<\/ol>\n\n\n\n<h4 class=\"wp-block-heading\">7. Odst\u0105pienie od umowy<\/h4>\n\n\n\n<ol class=\"wp-block-list\">\n<li class=\"has-kenta-accent-color has-text-color has-link-color wp-elements-4b3c939371605aea6a55eea2a13f039e\">W przypadku us\u0142ug cyfrowych, kt\u00f3re zosta\u0142y w pe\u0142ni wykonane za zgod\u0105 Klienta, prawo odst\u0105pienia od umowy nie przys\u0142uguje (art. 38 ust. 13 ustawy o prawach konsumenta).<\/li>\n\n\n\n<li class=\"has-kenta-accent-color has-text-color has-link-color wp-elements-8e0ccb8f3c01361d4910a07830bc51b9\">W pozosta\u0142ych przypadkach Klient mo\u017ce odst\u0105pi\u0107 od umowy w terminie 14 dni od dnia jej zawarcia, o ile us\u0142uga nie zosta\u0142a rozpocz\u0119ta.<\/li>\n\n\n\n<li class=\"has-kenta-accent-color has-text-color has-link-color wp-elements-62826379b336e79a229c57127eb4514c\">O\u015bwiadczenie o odst\u0105pieniu nale\u017cy przes\u0142a\u0107 na adres e-mail: kontakt@hedolph.com.<\/li>\n<\/ol>\n\n\n\n<h4 class=\"wp-block-heading\">8. Przed\u0142u\u017cenia us\u0142ug<\/h4>\n\n\n\n<ol class=\"wp-block-list\">\n<li class=\"has-kenta-accent-color has-text-color has-link-color wp-elements-f1d6365d43a5602bd14a9eb203ffd858\">Przed\u0142u\u017cenie hostingu, domen i certyfikat\u00f3w SSL odbywa si\u0119 na podstawie aktualnego cennika publikowanego na stronie sklepu.<\/li>\n\n\n\n<li class=\"has-kenta-accent-color has-text-color has-link-color wp-elements-1b8e45b9bae3a0d6542cb71758615fac\">Brak p\u0142atno\u015bci za przed\u0142u\u017cenie w terminie skutkuje utrat\u0105 dost\u0119pu do us\u0142ugi.<\/li>\n\n\n\n<li class=\"has-kenta-accent-color has-text-color has-link-color wp-elements-961c9fb6e6208b71ecf14ce8cffc0c0a\">Sprzedawca mo\u017ce przes\u0142a\u0107 przypomnienie e-mail o zbli\u017caj\u0105cym si\u0119 terminie wyga\u015bni\u0119cia.<\/li>\n<\/ol>\n\n\n\n<h4 class=\"wp-block-heading\">9. Odpowiedzialno\u015b\u0107<\/h4>\n\n\n\n<ol class=\"wp-block-list\">\n<li class=\"has-kenta-accent-color has-text-color has-link-color wp-elements-0b43dc9ce1ea5364fee9d6a36476ca64\">Sklep nie ponosi odpowiedzialno\u015bci za utrat\u0119 danych na stronie Klienta, je\u015bli wynika to z b\u0142\u0119d\u00f3w w konfiguracji lub dzia\u0142ania z\u0142o\u015bliwego oprogramowania.<\/li>\n\n\n\n<li class=\"has-kenta-accent-color has-text-color has-link-color wp-elements-9dbef0120fb5433d5df098417b23cc91\">Klient zobowi\u0105zany jest do wykonania kopii zapasowej strony przed zleceniem us\u0142ugi.<\/li>\n\n\n\n<li class=\"has-kenta-accent-color has-text-color has-link-color wp-elements-f6dd374d5f3961a8fbf52acdfb71dfe2\">Sklep nie ponosi odpowiedzialno\u015bci za skutki nieautoryzowanych dzia\u0142a\u0144 os\u00f3b trzecich na stronie Klienta.<\/li>\n<\/ol>\n\n\n\n<h4 class=\"wp-block-heading\">10. Ochrona danych osobowych<\/h4>\n\n\n\n<ol class=\"wp-block-list\">\n<li class=\"has-kenta-accent-color has-text-color has-link-color wp-elements-4dbc3c7540b5badb31081464728306b4\">Administratorem danych osobowych Klient\u00f3w jest w\u0142a\u015bciciel sklepu.<\/li>\n\n\n\n<li class=\"has-kenta-accent-color has-text-color has-link-color wp-elements-b7ba223a66f5f4b5e09369a7028e3019\">Dane osobowe s\u0105 przetwarzane wy\u0142\u0105cznie w celu realizacji zam\u00f3wienia i zgodnie z obowi\u0105zuj\u0105cymi przepisami o ochronie danych osobowych.<\/li>\n\n\n\n<li class=\"has-kenta-accent-color has-text-color has-link-color wp-elements-7462c452b9910d5d50337ab89aa2abae\">Klient ma prawo do wgl\u0105du, poprawienia oraz \u017c\u0105dania usuni\u0119cia swoich danych.<\/li>\n<\/ol>\n\n\n\n<h4 class=\"wp-block-heading\">11. Postanowienia ko\u0144cowe<\/h4>\n\n\n\n<ol class=\"wp-block-list\">\n<li class=\"has-kenta-accent-color has-text-color has-link-color wp-elements-cc6bfc82c15155c66b03cf91220f4e75\">Sprzedawca zastrzega sobie prawo do zmiany regulaminu, przy czym zmiany nie naruszaj\u0105 praw nabytych przez Klient\u00f3w.<\/li>\n\n\n\n<li class=\"has-kenta-accent-color has-text-color has-link-color wp-elements-9b81eebfee818586ca60a74b442da6d3\">W sprawach nieuregulowanych niniejszym regulaminem zastosowanie maj\u0105 przepisy Kodeksu cywilnego oraz ustawy o prawach konsumenta.<\/li>\n\n\n\n<li class=\"has-kenta-accent-color has-text-color has-link-color wp-elements-6b2c0e7fa6c1070e2a1366e95cd79632\">Regulamin wchodzi w \u017cycie z dniem jego opublikowania na stronie sklepu internetowego.<\/li>\n<\/ol>\n\n\n\n<div class=\"wp-block-group has-global-padding is-content-justification-center is-layout-constrained wp-container-core-group-is-layout-5ab9ddcd wp-block-group-is-layout-constrained\" style=\"padding-right:60px;padding-left:60px\"><\/div>\n<\/div><\/div>\n","protected":false},"excerpt":{"rendered":"","protected":false},"author":2,"featured_media":0,"parent":0,"menu_order":0,"comment_status":"closed","ping_status":"closed","template":"","meta":{"site-container-style":"default","site-container-layout":"default","site-sidebar-layout":"default","site-transparent-header":"default","disable-article-header":"default","disable-site-header":"default","disable-site-footer":"default","disable-content-area-spacing":"default","footnotes":""},"class_list":["post-578","page","type-page","status-publish","hentry"],"_links":{"self":[{"href":"https:\/\/shop.hedolph.com\/index.php?rest_route=\/wp\/v2\/pages\/578","targetHints":{"allow":["GET"]}}],"collection":[{"href":"https:\/\/shop.hedolph.com\/index.php?rest_route=\/wp\/v2\/pages"}],"about":[{"href":"https:\/\/shop.hedolph.com\/index.php?rest_route=\/wp\/v2\/types\/page"}],"author":[{"embeddable":true,"href":"https:\/\/shop.hedolph.com\/index.php?rest_route=\/wp\/v2\/users\/2"}],"replies":[{"embeddable":true,"href":"https:\/\/shop.hedolph.com\/index.php?rest_route=%2Fwp%2Fv2%2Fcomments&post=578"}],"version-history":[{"count":13,"href":"https:\/\/shop.hedolph.com\/index.php?rest_route=\/wp\/v2\/pages\/578\/revisions"}],"predecessor-version":[{"id":748,"href":"https:\/\/shop.hedolph.com\/index.php?rest_route=\/wp\/v2\/pages\/578\/revisions\/748"}],"wp:attachment":[{"href":"https:\/\/shop.hedolph.com\/index.php?rest_route=%2Fwp%2Fv2%2Fmedia&parent=578"}],"curies":[{"name":"wp","href":"https:\/\/api.w.org\/{rel}","templated":true}]}}